{"id":433,"date":"2017-01-10T14:44:03","date_gmt":"2017-01-10T14:44:03","guid":{"rendered":"http:\/\/import.getbowtied.com\/shopkeeper-replica?page_id=433"},"modified":"2017-01-10T14:44:03","modified_gmt":"2017-01-10T14:44:03","slug":"faqs","status":"publish","type":"page","link":"https:\/\/www.vilainlevain.com\/index.php\/faqs\/","title":{"rendered":"FAQs"},"content":{"rendered":"<div class=\"wpb-content-wrapper\"><p>[vc_row type=\u00a0\u00bbboxed\u00a0\u00bb background_style=\u00a0\u00bbnormal\u00a0\u00bb css=\u00a0\u00bb.vc_custom_1487365316112{margin-top: 75px !important;padding-right: 50px !important;padding-left: 50px !important;}\u00a0\u00bb][vc_column][vc_column_text css=\u00a0\u00bb.vc_custom_1571304061283{margin-bottom: 50px !important;}\u00a0\u00bb]<\/p>\n<h3 style=\"text-align: center;\"><strong>Shopping Information<\/strong><\/h3>\n<p>[\/vc_column_text][vc_row_inner css=\u00a0\u00bb.vc_custom_1410358939666{margin-bottom: 20px !important;}\u00a0\u00bb][vc_column_inner width=\u00a0\u00bb1\/2&Prime; css=\u00a0\u00bb.vc_custom_1443415906747{padding-right: 5% !important;padding-left: 10px !important;}\u00a0\u00bb][vc_column_text]<\/p>\n<h5><strong>What Shipping Methods Are Available? <\/strong><\/h5>\n<p><span style=\"color: #808080;\">Ex Portland Pitchfork irure mustache. Neutra fap before they sold out literally Williamsburg. Aliquip ugh bicycle rights actually mlkshk, seitan squid craft beer tempor. XOXO McSweeney\u2019s hashtag seitan, qui mustache tofu bespoke occupy Shoreditch consectetur non.\u00a0<\/span>[\/vc_column_text][vc_column_text]<\/p>\n<h5><strong>How Long Will It Take To Get My Package? <\/strong><\/h5>\n<p><span style=\"color: #808080;\">Swag slow-carb quinoa VHS typewriter pork belly brunch, paleo single-origin coffee Wes Anderson. Flexitarian Pitchfork forage, literally paleo fap pour-over. Wes Anderson Pinterest YOLO fanny pack meggings, deep v XOXO chambray sustainable slow-carb raw denim church-key fap chillwave Etsy. +1 typewriter kitsch, American Apparel tofu Banksy Vice.<\/span>[\/vc_column_text][\/vc_column_inner][vc_column_inner width=\u00a0\u00bb1\/2&Prime; css=\u00a0\u00bb.vc_custom_1443415917948{padding-right: 5% !important;padding-left: 10px !important;}\u00a0\u00bb][vc_column_text]<\/p>\n<h5><strong>Do You Ship Internationally?<\/strong><\/h5>\n<p><span style=\"color: #808080;\">Hoodie tote bag mixtape tofu. Typewriter jean shorts wolf quinoa, messenger bag organic freegan cray. Paleo Tumblr Wes Anderson photo booth. Kale chips Truffaut Williamsburg, hashtag fixie Pinterest raw denim chambray drinking vinegar Carles street art Bushwick gastropub. Wolf Tumblr paleo church-key. Plaid food truck Echo Park YOLO bitters hella, direct trade Thundercats leggings quinoa before they sold out.<\/span>[\/vc_column_text][vc_column_text]<\/p>\n<h5><strong>What Shipping Methods Are Available? <\/strong><\/h5>\n<p><span style=\"color: #808080;\">Neutra fap before they sold out literally Williamsburg. Aliquip ugh bicycle rights actually mlkshk, seitan squid craft beer tempor. XOXO McSweeney\u2019s hashtag seitan, qui mustache tofu bespoke occupy Shoreditch consectetur non.\u00a0Ex Portland Pitchfork irure mustache. <\/span>[\/vc_column_text][\/vc_column_inner][\/vc_row_inner][\/vc_column][\/vc_row][vc_row type=\u00a0\u00bbboxed\u00a0\u00bb background_style=\u00a0\u00bbnormal\u00a0\u00bb css=\u00a0\u00bb.vc_custom_1410359860044{padding-top: 30px !important;padding-bottom: 65px !important;}\u00a0\u00bb][vc_column][vc_separator][\/vc_column][\/vc_row][vc_row type=\u00a0\u00bbboxed\u00a0\u00bb background_style=\u00a0\u00bbnormal\u00a0\u00bb css=\u00a0\u00bb.vc_custom_1487365252231{padding-right: 50px !important;padding-left: 50px !important;}\u00a0\u00bb][vc_column][vc_column_text css=\u00a0\u00bb.vc_custom_1571304038277{margin-bottom: 50px !important;}\u00a0\u00bb]<\/p>\n<h3 style=\"text-align: center;\">Payment Information<\/h3>\n<p>[\/vc_column_text][vc_row_inner css=\u00a0\u00bb.vc_custom_1410358939666{margin-bottom: 20px !important;}\u00a0\u00bb][vc_column_inner width=\u00a0\u00bb1\/2&Prime; css=\u00a0\u00bb.vc_custom_1443415970531{padding-right: 5% !important;padding-left: 10px !important;}\u00a0\u00bb][vc_column_text]<\/p>\n<h5><strong>What Payment Methods Are Accepted?<\/strong><\/h5>\n<p><span style=\"color: #808080;\">Fashion axe DIY jean shorts, swag kale chips meh polaroid kogi butcher Wes Anderson chambray next level semiotics gentrify yr. Voluptate photo booth fugiat Vice. Austin sed Williamsburg, ea labore raw denim voluptate cred proident mixtape excepteur mustache.\u00a0Twee chia photo booth readymade food truck, hoodie roof party swag keytar PBR DIY.<\/span>[\/vc_column_text][\/vc_column_inner][vc_column_inner width=\u00a0\u00bb1\/2&Prime; css=\u00a0\u00bb.vc_custom_1443415984332{padding-right: 5% !important;padding-left: 10px !important;}\u00a0\u00bb][vc_column_text]<\/p>\n<h5><strong>Is Buying On-Line Safe?<\/strong><\/h5>\n<p><span style=\"color: #808080;\">Art party authentic freegan semiotics jean shorts chia cred. Neutra Austin roof party Brooklyn, synth Thundercats swag 8-bit photo booth. Plaid letterpress leggings craft beer meh ethical Pinterest.<\/span>[\/vc_column_text][\/vc_column_inner][\/vc_row_inner][\/vc_column][\/vc_row][vc_row type=\u00a0\u00bbboxed\u00a0\u00bb background_style=\u00a0\u00bbnormal\u00a0\u00bb css=\u00a0\u00bb.vc_custom_1410359869569{padding-top: 30px !important;padding-bottom: 65px !important;}\u00a0\u00bb][vc_column][vc_separator][\/vc_column][\/vc_row][vc_row type=\u00a0\u00bbboxed\u00a0\u00bb background_style=\u00a0\u00bbnormal\u00a0\u00bb css=\u00a0\u00bb.vc_custom_1487365260609{padding-right: 50px !important;padding-left: 50px !important;}\u00a0\u00bb][vc_column][vc_column_text css=\u00a0\u00bb.vc_custom_1571304051990{margin-bottom: 50px !important;}\u00a0\u00bb]<\/p>\n<h3 style=\"text-align: center;\">Orders and Returns<\/h3>\n<p>[\/vc_column_text][vc_row_inner css=\u00a0\u00bb.vc_custom_1410358939666{margin-bottom: 20px !important;}\u00a0\u00bb][vc_column_inner width=\u00a0\u00bb1\/2&Prime; css=\u00a0\u00bb.vc_custom_1443415995655{padding-right: 5% !important;padding-left: 10px !important;}\u00a0\u00bb][vc_column_text]<\/p>\n<h5><strong>How do I place an Order?<\/strong><\/h5>\n<p><span style=\"color: #808080;\">Keytar cray slow-carb, Godard banh mi salvia pour-over. Slow-carb Odd Future seitan normcore. Master cleanse American Apparel gentrify flexitarian beard slow-carb next level. Raw denim polaroid paleo farm-to-table, put a bird on it lo-fi tattooed Wes Anderson Pinterest letterpress. Fingerstache McSweeney&rsquo;s pour-over, letterpress Schlitz photo booth master cleanse bespoke hashtag chillwave gentrify.<\/span>[\/vc_column_text][vc_column_text]<\/p>\n<h5><strong>Do I need an account to place an order?<\/strong><\/h5>\n<p><span style=\"color: #808080;\">Thundercats swag 8-bit photo booth. Plaid letterpress leggings craft beer meh ethical Pinterest. Twee chia photo booth readymade food truck, hoodie roof party swag keytar PBR DIY. Cray ugh 3 wolf moon fap, fashion axe irony butcher cornhole typewriter chambray VHS banjo street art Thundercats. Gastropub selvage mlkshk swag, 8-bit 3 wolf moon.<\/span>[\/vc_column_text][vc_column_text]<\/p>\n<h5><strong>Who should I to contact if I have any queries?<\/strong><\/h5>\n<p><span style=\"color: #808080;\">Fashion axe DIY jean shorts, swag kale chips meh polaroid kogi butcher Wes Anderson chambray next level semiotics gentrify yr. Voluptate photo booth fugiat Vice. Austin sed Williamsburg, ea labore raw denim voluptate cred proident mixtape excepteur mustache.<\/span>[\/vc_column_text][\/vc_column_inner][vc_column_inner width=\u00a0\u00bb1\/2&Prime; css=\u00a0\u00bb.vc_custom_1443416006097{padding-right: 5% !important;padding-left: 10px !important;}\u00a0\u00bb][vc_column_text]<\/p>\n<h5><strong>How Can I Cancel Or Change My Order?<\/strong><\/h5>\n<p><span style=\"color: #808080;\">Plaid letterpress leggings craft beer meh ethical Pinterest. Art party authentic freegan semiotics jean shorts chia cred. Neutra Austin roof party Brooklyn, synth Thundercats swag 8-bit photo booth. <\/span>[\/vc_column_text][vc_column_text]<\/p>\n<h5><strong>How Do I Track My Order?<\/strong><\/h5>\n<p><span style=\"color: #808080;\">Keytar cray slow-carb, Godard banh mi salvia pour-over. Slow-carb Odd Future seitan normcore. Master cleanse American Apparel gentrify flexitarian beard slow-carb next level. Raw denim polaroid paleo farm-to-table, put a bird on it lo-fi tattooed Wes Anderson Pinterest letterpress. Fingerstache McSweeney&rsquo;s pour-over, letterpress Schlitz photo booth master cleanse bespoke hashtag chillwave gentrify. Pour-over Austin skateboard, street art irony roof party Shoreditch.<\/span>[\/vc_column_text][vc_column_text]<\/p>\n<h5><strong>How Can I Return a Product?<\/strong><\/h5>\n<p><span style=\"color: #808080;\">Kale chips Truffaut Williamsburg, hashtag fixie Pinterest raw denim chambray drinking vinegar Carles street art Bushwick gastropub. Wolf Tumblr paleo church-key. Plaid food truck Echo Park YOLO bitters hella, direct trade Thundercats leggings quinoa before they sold out. You probably haven&rsquo;t heard of them wayfarers authentic umami drinking vinegar Pinterest Cosby sweater, fingerstache fap High Life.<\/span>[\/vc_column_text][\/vc_column_inner][\/vc_row_inner][\/vc_column][\/vc_row]<\/p>\n<\/div>","protected":false},"excerpt":{"rendered":"<p>[vc_row type=\u00a0\u00bbboxed\u00a0\u00bb background_style=\u00a0\u00bbnormal\u00a0\u00bb css=\u00a0\u00bb.vc_custom_1487365316112{margin-top: 75px !important;padding-right: 50px !important;padding-left: 50px !important;}\u00a0\u00bb][vc_column][vc_column_text css=\u00a0\u00bb.vc_custom_1571304061283{margin-bottom: 50px !important;}\u00a0\u00bb] Shopping Information [\/vc_column_text][vc_row_inner css=\u00a0\u00bb.vc_custom_1410358939666{margin-bottom: 20px !important;}\u00a0\u00bb][vc_column_inner width=\u00a0\u00bb1\/2&Prime; css=\u00a0\u00bb.vc_custom_1443415906747{padding-right: 5% !important;padding-left: 10px !important;}\u00a0\u00bb][vc_column_text] What Shipping Methods Are Available? Ex Portland Pitchfork irure mustache. Neutra fap before they sold out literally Williamsburg. Aliquip ugh bicycle rights actually mlkshk, seitan squid craft beer tempor. XOXO [&hellip;]<\/p>\n","protected":false},"author":1,"featured_media":0,"parent":0,"menu_order":0,"comment_status":"closed","ping_status":"closed","template":"page-boxed.php","meta":{"_uag_custom_page_level_css":"","footnotes":""},"class_list":["post-433","page","type-page","status-publish","hentry"],"yoast_head":"<!-- This site is optimized with the Yoast SEO plugin v26.4 - https:\/\/yoast.com\/wordpress\/plugins\/seo\/ -->\n<title>FAQs - Vilain Levain - La premi\u00e8re box 100% levain<\/title>\n<meta name=\"robots\" content=\"index, follow, max-snippet:-1, max-image-preview:large, max-video-preview:-1\" \/>\n<link rel=\"canonical\" href=\"https:\/\/www.vilainlevain.com\/index.php\/faqs\/\" \/>\n<meta property=\"og:locale\" content=\"fr_FR\" \/>\n<meta property=\"og:type\" content=\"article\" \/>\n<meta property=\"og:title\" content=\"FAQs - Vilain Levain - La premi\u00e8re box 100% levain\" \/>\n<meta property=\"og:description\" content=\"[vc_row type=\u00a0\u00bbboxed\u00a0\u00bb background_style=\u00a0\u00bbnormal\u00a0\u00bb css=\u00a0\u00bb.vc_custom_1487365316112{margin-top: 75px !important;padding-right: 50px !important;padding-left: 50px !important;}\u00a0\u00bb][vc_column][vc_column_text css=\u00a0\u00bb.vc_custom_1571304061283{margin-bottom: 50px !important;}\u00a0\u00bb] Shopping Information [\/vc_column_text][vc_row_inner css=\u00a0\u00bb.vc_custom_1410358939666{margin-bottom: 20px !important;}\u00a0\u00bb][vc_column_inner width=\u00a0\u00bb1\/2&Prime; css=\u00a0\u00bb.vc_custom_1443415906747{padding-right: 5% !important;padding-left: 10px !important;}\u00a0\u00bb][vc_column_text] What Shipping Methods Are Available? Ex Portland Pitchfork irure mustache. Neutra fap before they sold out literally Williamsburg. Aliquip ugh bicycle rights actually mlkshk, seitan squid craft beer tempor. XOXO [&hellip;]\" \/>\n<meta property=\"og:url\" content=\"https:\/\/www.vilainlevain.com\/index.php\/faqs\/\" \/>\n<meta property=\"og:site_name\" content=\"Vilain Levain - La premi\u00e8re box 100% levain\" \/>\n<meta name=\"twitter:card\" content=\"summary_large_image\" \/>\n<meta name=\"twitter:label1\" content=\"Dur\u00e9e de lecture estim\u00e9e\" \/>\n\t<meta name=\"twitter:data1\" content=\"5 minutes\" \/>\n<script type=\"application\/ld+json\" class=\"yoast-schema-graph\">{\"@context\":\"https:\/\/schema.org\",\"@graph\":[{\"@type\":\"WebPage\",\"@id\":\"https:\/\/www.vilainlevain.com\/index.php\/faqs\/\",\"url\":\"https:\/\/www.vilainlevain.com\/index.php\/faqs\/\",\"name\":\"FAQs - Vilain Levain - La premi\u00e8re box 100% levain\",\"isPartOf\":{\"@id\":\"https:\/\/www.vilainlevain.com\/#website\"},\"datePublished\":\"2017-01-10T14:44:03+00:00\",\"breadcrumb\":{\"@id\":\"https:\/\/www.vilainlevain.com\/index.php\/faqs\/#breadcrumb\"},\"inLanguage\":\"fr-FR\",\"potentialAction\":[{\"@type\":\"ReadAction\",\"target\":[\"https:\/\/www.vilainlevain.com\/index.php\/faqs\/\"]}]},{\"@type\":\"BreadcrumbList\",\"@id\":\"https:\/\/www.vilainlevain.com\/index.php\/faqs\/#breadcrumb\",\"itemListElement\":[{\"@type\":\"ListItem\",\"position\":1,\"name\":\"Accueil\",\"item\":\"https:\/\/www.vilainlevain.com\/\"},{\"@type\":\"ListItem\",\"position\":2,\"name\":\"FAQs\"}]},{\"@type\":\"WebSite\",\"@id\":\"https:\/\/www.vilainlevain.com\/#website\",\"url\":\"https:\/\/www.vilainlevain.com\/\",\"name\":\"Vilain Levain - La premi\u00e8re box 100% levain\",\"description\":\"Kit pour pain au levain fait-maison. Une box efficace et une expertise \u00e0 votre service !\",\"potentialAction\":[{\"@type\":\"SearchAction\",\"target\":{\"@type\":\"EntryPoint\",\"urlTemplate\":\"https:\/\/www.vilainlevain.com\/?s={search_term_string}\"},\"query-input\":{\"@type\":\"PropertyValueSpecification\",\"valueRequired\":true,\"valueName\":\"search_term_string\"}}],\"inLanguage\":\"fr-FR\"}]}<\/script>\n<!-- \/ Yoast SEO plugin. -->","yoast_head_json":{"title":"FAQs - Vilain Levain - La premi\u00e8re box 100% levain","robots":{"index":"index","follow":"follow","max-snippet":"max-snippet:-1","max-image-preview":"max-image-preview:large","max-video-preview":"max-video-preview:-1"},"canonical":"https:\/\/www.vilainlevain.com\/index.php\/faqs\/","og_locale":"fr_FR","og_type":"article","og_title":"FAQs - Vilain Levain - La premi\u00e8re box 100% levain","og_description":"[vc_row type=\u00a0\u00bbboxed\u00a0\u00bb background_style=\u00a0\u00bbnormal\u00a0\u00bb css=\u00a0\u00bb.vc_custom_1487365316112{margin-top: 75px !important;padding-right: 50px !important;padding-left: 50px !important;}\u00a0\u00bb][vc_column][vc_column_text css=\u00a0\u00bb.vc_custom_1571304061283{margin-bottom: 50px !important;}\u00a0\u00bb] Shopping Information [\/vc_column_text][vc_row_inner css=\u00a0\u00bb.vc_custom_1410358939666{margin-bottom: 20px !important;}\u00a0\u00bb][vc_column_inner width=\u00a0\u00bb1\/2&Prime; css=\u00a0\u00bb.vc_custom_1443415906747{padding-right: 5% !important;padding-left: 10px !important;}\u00a0\u00bb][vc_column_text] What Shipping Methods Are Available? Ex Portland Pitchfork irure mustache. Neutra fap before they sold out literally Williamsburg. Aliquip ugh bicycle rights actually mlkshk, seitan squid craft beer tempor. XOXO [&hellip;]","og_url":"https:\/\/www.vilainlevain.com\/index.php\/faqs\/","og_site_name":"Vilain Levain - La premi\u00e8re box 100% levain","twitter_card":"summary_large_image","twitter_misc":{"Dur\u00e9e de lecture estim\u00e9e":"5 minutes"},"schema":{"@context":"https:\/\/schema.org","@graph":[{"@type":"WebPage","@id":"https:\/\/www.vilainlevain.com\/index.php\/faqs\/","url":"https:\/\/www.vilainlevain.com\/index.php\/faqs\/","name":"FAQs - Vilain Levain - La premi\u00e8re box 100% levain","isPartOf":{"@id":"https:\/\/www.vilainlevain.com\/#website"},"datePublished":"2017-01-10T14:44:03+00:00","breadcrumb":{"@id":"https:\/\/www.vilainlevain.com\/index.php\/faqs\/#breadcrumb"},"inLanguage":"fr-FR","potentialAction":[{"@type":"ReadAction","target":["https:\/\/www.vilainlevain.com\/index.php\/faqs\/"]}]},{"@type":"BreadcrumbList","@id":"https:\/\/www.vilainlevain.com\/index.php\/faqs\/#breadcrumb","itemListElement":[{"@type":"ListItem","position":1,"name":"Accueil","item":"https:\/\/www.vilainlevain.com\/"},{"@type":"ListItem","position":2,"name":"FAQs"}]},{"@type":"WebSite","@id":"https:\/\/www.vilainlevain.com\/#website","url":"https:\/\/www.vilainlevain.com\/","name":"Vilain Levain - La premi\u00e8re box 100% levain","description":"Kit pour pain au levain fait-maison. Une box efficace et une expertise \u00e0 votre service !","potentialAction":[{"@type":"SearchAction","target":{"@type":"EntryPoint","urlTemplate":"https:\/\/www.vilainlevain.com\/?s={search_term_string}"},"query-input":{"@type":"PropertyValueSpecification","valueRequired":true,"valueName":"search_term_string"}}],"inLanguage":"fr-FR"}]}},"uagb_featured_image_src":{"full":false,"thumbnail":false,"medium":false,"medium_large":false,"large":false,"1536x1536":false,"2048x2048":false,"blog-isotope":false,"mailpoet_newsletter_max":false,"woocommerce_thumbnail":false,"woocommerce_single":false,"woocommerce_gallery_thumbnail":false},"uagb_author_info":{"display_name":"Val\u00e9rie Zanon","author_link":"https:\/\/www.vilainlevain.com\/index.php\/author\/admin2739\/"},"uagb_comment_info":0,"uagb_excerpt":"[vc_row type=\u00a0\u00bbboxed\u00a0\u00bb background_style=\u00a0\u00bbnormal\u00a0\u00bb css=\u00a0\u00bb.vc_custom_1487365316112{margin-top: 75px !important;padding-right: 50px !important;padding-left: 50px !important;}\u00a0\u00bb][vc_column][vc_column_text css=\u00a0\u00bb.vc_custom_1571304061283{margin-bottom: 50px !important;}\u00a0\u00bb] Shopping Information [\/vc_column_text][vc_row_inner css=\u00a0\u00bb.vc_custom_1410358939666{margin-bottom: 20px !important;}\u00a0\u00bb][vc_column_inner width=\u00a0\u00bb1\/2&Prime; css=\u00a0\u00bb.vc_custom_1443415906747{padding-right: 5% !important;padding-left: 10px !important;}\u00a0\u00bb][vc_column_text] What Shipping Methods Are Available? Ex Portland Pitchfork irure mustache. Neutra fap before they sold out literally Williamsburg. Aliquip ugh bicycle rights actually mlkshk, seitan squid craft beer tempor. XOXO\u2026","jetpack_sharing_enabled":true,"jetpack-related-posts":[{"id":9881,"url":"https:\/\/www.vilainlevain.com\/index.php\/pain-au-levain-et-grosses-chaleurs-5-reflexes-pour-garder-le-controle\/","url_meta":{"origin":433,"position":0},"title":"Pain au levain et grosses chaleurs : 5 r\u00e9flexes pour garder le contr\u00f4le !","author":"Val\u00e9rie Zanon","date":"2 juillet 2025","format":false,"excerpt":"[vc_row][vc_column offset=\"vc_col-lg-offset-1 vc_col-lg-4\/5\"][vc_empty_space height=\"30\"][vc_custom_heading text=\"Et en bonus : ma recette de pain \u00e0 la farine de meule et deux s\u00e9sames !\" css=\"\"][vc_column_text css=\"\"]Quand l\u2019\u00e9t\u00e9 s\u2019installe pour de bon et que les temp\u00e9ratures grimpent, notre levain r\u00e9agit au quart de tour. Fermentations express, p\u00e2tes trop molles, timing \u00e0 revoir\u2026 Pas toujours\u2026","rel":"","context":"Article similaire","block_context":{"text":"Article similaire","link":""},"img":{"alt_text":"","src":"https:\/\/i0.wp.com\/www.vilainlevain.com\/wp-content\/uploads\/2025\/07\/levain-et-canicule.jpg?fit=625%2C938&ssl=1&resize=350%2C200","width":350,"height":200,"srcset":"https:\/\/i0.wp.com\/www.vilainlevain.com\/wp-content\/uploads\/2025\/07\/levain-et-canicule.jpg?fit=625%2C938&ssl=1&resize=350%2C200 1x, https:\/\/i0.wp.com\/www.vilainlevain.com\/wp-content\/uploads\/2025\/07\/levain-et-canicule.jpg?fit=625%2C938&ssl=1&resize=525%2C300 1.5x"},"classes":[]},{"id":529,"url":"https:\/\/www.vilainlevain.com\/","url_meta":{"origin":433,"position":1},"title":"Boutique","author":"Val\u00e9rie Zanon","date":"10 janvier 2017","format":false,"excerpt":"[vc_row full_width=\"stretch_row_content_no_spaces\" css_animation=\"fadeIn\" css=\".vc_custom_1487082407951{margin-bottom: 75px !important;}\"][vc_column][vc_column_text css_animation=\"bounceIn\"] Livraison gratuite* \u00e0 partir de 40\u20ac en France m\u00e9tropolitaine ! *En point relais [\/vc_column_text][vc_separator color=\"custom\" style=\"dotted\" border_width=\"4\" el_width=\"60\" css=\"\" accent_color=\"#FEF87C\"][\/vc_column][\/vc_row][vc_row css_animation=\"fadeIn\"][vc_column width=\"1\/2\"][vc_single_image image=\"8904\" img_size=\"large\" alignment=\"center\" style=\"vc_box_shadow_3d\" css_animation=\"none\" css=\"\"][\/vc_column][vc_column width=\"1\/2\"][vc_custom_heading text=\"Salut \u00e0 tous, les co-pains !\"][vc_column_text css_animation=\"none\" css=\"\"] Je suis Val\u00e9rie, connue sous le\u2026","rel":"","context":"Article similaire","block_context":{"text":"Article similaire","link":""},"img":{"alt_text":"","src":"https:\/\/i0.wp.com\/www.vilainlevain.com\/wp-content\/uploads\/2022\/12\/OOK-compoxt-150x150.jpeg?resize=350%2C200&ssl=1","width":350,"height":200},"classes":[]},{"id":11743,"url":"https:\/\/www.vilainlevain.com\/index.php\/comment-booster-son-levain-5-astuces-pour-un-levain-en-pleine-forme-meme-quand-il-fait-froid\/","url_meta":{"origin":433,"position":2},"title":"Comment booster son levain : 5 astuces pour un levain en pleine forme (m\u00eame quand il fait froid !)","author":"Val\u00e9rie Zanon","date":"17 f\u00e9vrier 2026","format":false,"excerpt":"Ton levain fait la t\u00eate ? D\u00e9couvre 5 astuces simples et efficaces pour booster ton levain maison, m\u00eame en hiver. Temp\u00e9rature, farine, rythme des rafra\u00eechis\u2026 Je t\u2019explique tout pour retrouver un levain actif et plein de bulles !","rel":"","context":"Article similaire","block_context":{"text":"Article similaire","link":""},"img":{"alt_text":"levain naturel tr\u00e8s actif","src":"https:\/\/i0.wp.com\/www.vilainlevain.com\/wp-content\/uploads\/2025\/11\/comment-booster-son-levain-scaled.jpg?fit=675%2C1200&ssl=1&resize=350%2C200","width":350,"height":200,"srcset":"https:\/\/i0.wp.com\/www.vilainlevain.com\/wp-content\/uploads\/2025\/11\/comment-booster-son-levain-scaled.jpg?fit=675%2C1200&ssl=1&resize=350%2C200 1x, https:\/\/i0.wp.com\/www.vilainlevain.com\/wp-content\/uploads\/2025\/11\/comment-booster-son-levain-scaled.jpg?fit=675%2C1200&ssl=1&resize=525%2C300 1.5x"},"classes":[]}],"_links":{"self":[{"href":"https:\/\/www.vilainlevain.com\/index.php\/wp-json\/wp\/v2\/pages\/433","targetHints":{"allow":["GET"]}}],"collection":[{"href":"https:\/\/www.vilainlevain.com\/index.php\/wp-json\/wp\/v2\/pages"}],"about":[{"href":"https:\/\/www.vilainlevain.com\/index.php\/wp-json\/wp\/v2\/types\/page"}],"author":[{"embeddable":true,"href":"https:\/\/www.vilainlevain.com\/index.php\/wp-json\/wp\/v2\/users\/1"}],"replies":[{"embeddable":true,"href":"https:\/\/www.vilainlevain.com\/index.php\/wp-json\/wp\/v2\/comments?post=433"}],"version-history":[{"count":0,"href":"https:\/\/www.vilainlevain.com\/index.php\/wp-json\/wp\/v2\/pages\/433\/revisions"}],"wp:attachment":[{"href":"https:\/\/www.vilainlevain.com\/index.php\/wp-json\/wp\/v2\/media?parent=433"}],"curies":[{"name":"wp","href":"https:\/\/api.w.org\/{rel}","templated":true}]}}