{"id":2876,"date":"2016-05-10T03:48:21","date_gmt":"2016-05-10T03:48:21","guid":{"rendered":"http:\/\/wp452m.a10-52-158-154.qa.plesk.ru\/wordpress\/?page_id=2"},"modified":"2021-11-16T19:55:30","modified_gmt":"2021-11-16T18:55:30","slug":"home","status":"publish","type":"page","link":"https:\/\/www.vilainlevain.com\/index.php\/home\/","title":{"rendered":"Home"},"content":{"rendered":"<div class=\"wpb-content-wrapper\"><p>[vc_row full_height=\u00a0\u00bbyes\u00a0\u00bb font_color=\u00a0\u00bb#000000&Prime; css=\u00a0\u00bb.vc_custom_1637088928696{background: #303030 url(http:\/\/bfslynk.cluster031.hosting.ovh.net\/wp-content\/uploads\/2021\/11\/DSC00884-rotated.jpg?id=3007) !important;background-position: center !important;background-repeat: no-repeat !important;background-size: cover !important;}\u00a0\u00bb][vc_column][vc_column_text css=\u00a0\u00bb.vc_custom_1487146281984{padding-top: 40px !important;padding-right: 6% !important;padding-left: 6% !important;}\u00a0\u00bb]<\/p>\n<h2 style=\"text-align: left;\"><span style=\"font-size: 135%; letter-spacing: -3px; line-height: 1.3; color: #ffffff;\">Everything You Need<br \/>\nto Start Selling Online Beautifully<\/span><\/h2>\n<p>[\/vc_column_text][vc_column_text css=\u00a0\u00bb.vc_custom_1487146626097{margin-top: -20px !important;padding-right: 6% !important;padding-left: 6% !important;}\u00a0\u00bb]<\/p>\n<h5 style=\"line-height: 2em; text-align: left;\"><span style=\"color: #ffffff;\">Powerful &amp; Fast\u00a0WordPress eCommerce Theme. Frequently Updated.<\/span><br \/>\n<span style=\"color: #ffffff;\">Professional Customer Service from <a style=\"border-bottom: 1px dotted #999999; color: #ffffff;\" href=\"https:\/\/www.getbowtied.com\/\" target=\"_blank\" rel=\"noopener\">Get Bowtied<\/a>.<\/span><\/h5>\n<p>[\/vc_column_text][vc_column_text css=\u00a0\u00bb.vc_custom_1488454032050{padding-right: 6% !important;padding-left: 6% !important;}\u00a0\u00bb]<\/p>\n<h6 style=\"text-align: left;\"><span style=\"color: #999;\"><a style=\"color: #999; border-bottom: 1px dotted #999;\" href=\"http:\/\/shopkeeper.wp-theme.help\/hc\/en-us\/articles\/207365265-Updates-History\" target=\"_blank\" rel=\"noopener\">V. 2.0<\/a><\/span><\/h6>\n<p>[\/vc_column_text][\/vc_column][\/vc_row]<\/p>\n<\/div>","protected":false},"excerpt":{"rendered":"<p>[vc_row full_height=\u00a0\u00bbyes\u00a0\u00bb font_color=\u00a0\u00bb#000000&Prime; css=\u00a0\u00bb.vc_custom_1637088928696{background: #303030 url(http:\/\/bfslynk.cluster031.hosting.ovh.net\/wp-content\/uploads\/2021\/11\/DSC00884-rotated.jpg?id=3007) !important;background-position: center !important;background-repeat: no-repeat !important;background-size: cover !important;}\u00a0\u00bb][vc_column][vc_column_text css=\u00a0\u00bb.vc_custom_1487146281984{padding-top: 40px !important;padding-right: 6% !important;padding-left: 6% !important;}\u00a0\u00bb] Everything You Need to Start Selling Online Beautifully [\/vc_column_text][vc_column_text css=\u00a0\u00bb.vc_custom_1487146626097{margin-top: -20px !important;padding-right: 6% !important;padding-left: 6% !important;}\u00a0\u00bb] Powerful &amp; Fast\u00a0WordPress eCommerce Theme. Frequently Updated. Professional Customer Service from Get Bowtied. [\/vc_column_text][vc_column_text css=\u00a0\u00bb.vc_custom_1488454032050{padding-right: 6% !important;padding-left: 6% !important;}\u00a0\u00bb] [&hellip;]<\/p>\n","protected":false},"author":1,"featured_media":0,"parent":0,"menu_order":0,"comment_status":"closed","ping_status":"open","template":"page-full-width.php","meta":{"_uag_custom_page_level_css":"","footnotes":""},"class_list":["post-2876","page","type-page","status-publish","hentry"],"yoast_head":"<!-- This site is optimized with the Yoast SEO plugin v26.4 - https:\/\/yoast.com\/wordpress\/plugins\/seo\/ -->\n<title>Home - Vilain Levain - La premi\u00e8re box 100% levain<\/title>\n<meta name=\"robots\" content=\"index, follow, max-snippet:-1, max-image-preview:large, max-video-preview:-1\" \/>\n<link rel=\"canonical\" href=\"https:\/\/www.vilainlevain.com\/index.php\/home\/\" \/>\n<meta property=\"og:locale\" content=\"fr_FR\" \/>\n<meta property=\"og:type\" content=\"article\" \/>\n<meta property=\"og:title\" content=\"Home - Vilain Levain - La premi\u00e8re box 100% levain\" \/>\n<meta property=\"og:description\" content=\"[vc_row full_height=\u00a0\u00bbyes\u00a0\u00bb font_color=\u00a0\u00bb#000000&Prime; css=\u00a0\u00bb.vc_custom_1637088928696{background: #303030 url(http:\/\/bfslynk.cluster031.hosting.ovh.net\/wp-content\/uploads\/2021\/11\/DSC00884-rotated.jpg?id=3007) !important;background-position: center !important;background-repeat: no-repeat !important;background-size: cover !important;}\u00a0\u00bb][vc_column][vc_column_text css=\u00a0\u00bb.vc_custom_1487146281984{padding-top: 40px !important;padding-right: 6% !important;padding-left: 6% !important;}\u00a0\u00bb] Everything You Need to Start Selling Online Beautifully [\/vc_column_text][vc_column_text css=\u00a0\u00bb.vc_custom_1487146626097{margin-top: -20px !important;padding-right: 6% !important;padding-left: 6% !important;}\u00a0\u00bb] Powerful &amp; Fast\u00a0WordPress eCommerce Theme. Frequently Updated. Professional Customer Service from Get Bowtied. [\/vc_column_text][vc_column_text css=\u00a0\u00bb.vc_custom_1488454032050{padding-right: 6% !important;padding-left: 6% !important;}\u00a0\u00bb] [&hellip;]\" \/>\n<meta property=\"og:url\" content=\"https:\/\/www.vilainlevain.com\/index.php\/home\/\" \/>\n<meta property=\"og:site_name\" content=\"Vilain Levain - La premi\u00e8re box 100% levain\" \/>\n<meta property=\"article:modified_time\" content=\"2021-11-16T18:55:30+00:00\" \/>\n<meta name=\"twitter:card\" content=\"summary_large_image\" \/>\n<meta name=\"twitter:label1\" content=\"Dur\u00e9e de lecture estim\u00e9e\" \/>\n\t<meta name=\"twitter:data1\" content=\"1 minute\" \/>\n<script type=\"application\/ld+json\" class=\"yoast-schema-graph\">{\"@context\":\"https:\/\/schema.org\",\"@graph\":[{\"@type\":\"WebPage\",\"@id\":\"https:\/\/www.vilainlevain.com\/index.php\/home\/\",\"url\":\"https:\/\/www.vilainlevain.com\/index.php\/home\/\",\"name\":\"Home - Vilain Levain - La premi\u00e8re box 100% levain\",\"isPartOf\":{\"@id\":\"https:\/\/www.vilainlevain.com\/#website\"},\"datePublished\":\"2016-05-10T03:48:21+00:00\",\"dateModified\":\"2021-11-16T18:55:30+00:00\",\"breadcrumb\":{\"@id\":\"https:\/\/www.vilainlevain.com\/index.php\/home\/#breadcrumb\"},\"inLanguage\":\"fr-FR\",\"potentialAction\":[{\"@type\":\"ReadAction\",\"target\":[\"https:\/\/www.vilainlevain.com\/index.php\/home\/\"]}]},{\"@type\":\"BreadcrumbList\",\"@id\":\"https:\/\/www.vilainlevain.com\/index.php\/home\/#breadcrumb\",\"itemListElement\":[{\"@type\":\"ListItem\",\"position\":1,\"name\":\"Accueil\",\"item\":\"https:\/\/www.vilainlevain.com\/\"},{\"@type\":\"ListItem\",\"position\":2,\"name\":\"Home\"}]},{\"@type\":\"WebSite\",\"@id\":\"https:\/\/www.vilainlevain.com\/#website\",\"url\":\"https:\/\/www.vilainlevain.com\/\",\"name\":\"Vilain Levain - La premi\u00e8re box 100% levain\",\"description\":\"Kit pour pain au levain fait-maison. Une box efficace et une expertise \u00e0 votre service !\",\"potentialAction\":[{\"@type\":\"SearchAction\",\"target\":{\"@type\":\"EntryPoint\",\"urlTemplate\":\"https:\/\/www.vilainlevain.com\/?s={search_term_string}\"},\"query-input\":{\"@type\":\"PropertyValueSpecification\",\"valueRequired\":true,\"valueName\":\"search_term_string\"}}],\"inLanguage\":\"fr-FR\"}]}<\/script>\n<!-- \/ Yoast SEO plugin. -->","yoast_head_json":{"title":"Home - Vilain Levain - La premi\u00e8re box 100% levain","robots":{"index":"index","follow":"follow","max-snippet":"max-snippet:-1","max-image-preview":"max-image-preview:large","max-video-preview":"max-video-preview:-1"},"canonical":"https:\/\/www.vilainlevain.com\/index.php\/home\/","og_locale":"fr_FR","og_type":"article","og_title":"Home - Vilain Levain - La premi\u00e8re box 100% levain","og_description":"[vc_row full_height=\u00a0\u00bbyes\u00a0\u00bb font_color=\u00a0\u00bb#000000&Prime; css=\u00a0\u00bb.vc_custom_1637088928696{background: #303030 url(http:\/\/bfslynk.cluster031.hosting.ovh.net\/wp-content\/uploads\/2021\/11\/DSC00884-rotated.jpg?id=3007) !important;background-position: center !important;background-repeat: no-repeat !important;background-size: cover !important;}\u00a0\u00bb][vc_column][vc_column_text css=\u00a0\u00bb.vc_custom_1487146281984{padding-top: 40px !important;padding-right: 6% !important;padding-left: 6% !important;}\u00a0\u00bb] Everything You Need to Start Selling Online Beautifully [\/vc_column_text][vc_column_text css=\u00a0\u00bb.vc_custom_1487146626097{margin-top: -20px !important;padding-right: 6% !important;padding-left: 6% !important;}\u00a0\u00bb] Powerful &amp; Fast\u00a0WordPress eCommerce Theme. Frequently Updated. Professional Customer Service from Get Bowtied. [\/vc_column_text][vc_column_text css=\u00a0\u00bb.vc_custom_1488454032050{padding-right: 6% !important;padding-left: 6% !important;}\u00a0\u00bb] [&hellip;]","og_url":"https:\/\/www.vilainlevain.com\/index.php\/home\/","og_site_name":"Vilain Levain - La premi\u00e8re box 100% levain","article_modified_time":"2021-11-16T18:55:30+00:00","twitter_card":"summary_large_image","twitter_misc":{"Dur\u00e9e de lecture estim\u00e9e":"1 minute"},"schema":{"@context":"https:\/\/schema.org","@graph":[{"@type":"WebPage","@id":"https:\/\/www.vilainlevain.com\/index.php\/home\/","url":"https:\/\/www.vilainlevain.com\/index.php\/home\/","name":"Home - Vilain Levain - La premi\u00e8re box 100% levain","isPartOf":{"@id":"https:\/\/www.vilainlevain.com\/#website"},"datePublished":"2016-05-10T03:48:21+00:00","dateModified":"2021-11-16T18:55:30+00:00","breadcrumb":{"@id":"https:\/\/www.vilainlevain.com\/index.php\/home\/#breadcrumb"},"inLanguage":"fr-FR","potentialAction":[{"@type":"ReadAction","target":["https:\/\/www.vilainlevain.com\/index.php\/home\/"]}]},{"@type":"BreadcrumbList","@id":"https:\/\/www.vilainlevain.com\/index.php\/home\/#breadcrumb","itemListElement":[{"@type":"ListItem","position":1,"name":"Accueil","item":"https:\/\/www.vilainlevain.com\/"},{"@type":"ListItem","position":2,"name":"Home"}]},{"@type":"WebSite","@id":"https:\/\/www.vilainlevain.com\/#website","url":"https:\/\/www.vilainlevain.com\/","name":"Vilain Levain - La premi\u00e8re box 100% levain","description":"Kit pour pain au levain fait-maison. Une box efficace et une expertise \u00e0 votre service !","potentialAction":[{"@type":"SearchAction","target":{"@type":"EntryPoint","urlTemplate":"https:\/\/www.vilainlevain.com\/?s={search_term_string}"},"query-input":{"@type":"PropertyValueSpecification","valueRequired":true,"valueName":"search_term_string"}}],"inLanguage":"fr-FR"}]}},"uagb_featured_image_src":{"full":false,"thumbnail":false,"medium":false,"medium_large":false,"large":false,"1536x1536":false,"2048x2048":false,"blog-isotope":false,"mailpoet_newsletter_max":false,"woocommerce_thumbnail":false,"woocommerce_single":false,"woocommerce_gallery_thumbnail":false},"uagb_author_info":{"display_name":"Val\u00e9rie Zanon","author_link":"https:\/\/www.vilainlevain.com\/index.php\/author\/admin2739\/"},"uagb_comment_info":0,"uagb_excerpt":"[vc_row full_height=\u00a0\u00bbyes\u00a0\u00bb font_color=\u00a0\u00bb#000000&Prime; css=\u00a0\u00bb.vc_custom_1637088928696{background: #303030 url(http:\/\/bfslynk.cluster031.hosting.ovh.net\/wp-content\/uploads\/2021\/11\/DSC00884-rotated.jpg?id=3007) !important;background-position: center !important;background-repeat: no-repeat !important;background-size: cover !important;}\u00a0\u00bb][vc_column][vc_column_text css=\u00a0\u00bb.vc_custom_1487146281984{padding-top: 40px !important;padding-right: 6% !important;padding-left: 6% !important;}\u00a0\u00bb] Everything You Need to Start Selling Online Beautifully [\/vc_column_text][vc_column_text css=\u00a0\u00bb.vc_custom_1487146626097{margin-top: -20px !important;padding-right: 6% !important;padding-left: 6% !important;}\u00a0\u00bb] Powerful &amp; Fast\u00a0WordPress eCommerce Theme. Frequently Updated. Professional Customer Service from Get Bowtied. [\/vc_column_text][vc_column_text css=\u00a0\u00bb.vc_custom_1488454032050{padding-right: 6% !important;padding-left: 6% !important;}\u00a0\u00bb]\u2026","jetpack_sharing_enabled":true,"jetpack-related-posts":[{"id":529,"url":"https:\/\/www.vilainlevain.com\/","url_meta":{"origin":2876,"position":0},"title":"Boutique","author":"Val\u00e9rie Zanon","date":"10 janvier 2017","format":false,"excerpt":"[vc_row full_width=\"stretch_row_content_no_spaces\" css_animation=\"fadeIn\" css=\".vc_custom_1487082407951{margin-bottom: 75px !important;}\"][vc_column][vc_column_text css_animation=\"bounceIn\"] Livraison gratuite* \u00e0 partir de 40\u20ac en France m\u00e9tropolitaine ! *En point relais [\/vc_column_text][vc_separator color=\"custom\" style=\"dotted\" border_width=\"4\" el_width=\"60\" css=\"\" accent_color=\"#FEF87C\"][\/vc_column][\/vc_row][vc_row css_animation=\"fadeIn\"][vc_column width=\"1\/2\"][vc_single_image image=\"8904\" img_size=\"large\" alignment=\"center\" style=\"vc_box_shadow_3d\" css_animation=\"none\" css=\"\"][\/vc_column][vc_column width=\"1\/2\"][vc_custom_heading text=\"Salut \u00e0 tous, les co-pains !\"][vc_column_text css_animation=\"none\" css=\"\"] Je suis Val\u00e9rie, connue sous le\u2026","rel":"","context":"Article similaire","block_context":{"text":"Article similaire","link":""},"img":{"alt_text":"","src":"https:\/\/i0.wp.com\/www.vilainlevain.com\/wp-content\/uploads\/2022\/12\/OOK-compoxt-150x150.jpeg?resize=350%2C200&ssl=1","width":350,"height":200},"classes":[]},{"id":11743,"url":"https:\/\/www.vilainlevain.com\/index.php\/comment-booster-son-levain-5-astuces-pour-un-levain-en-pleine-forme-meme-quand-il-fait-froid\/","url_meta":{"origin":2876,"position":1},"title":"Comment booster son levain : 5 astuces pour un levain en pleine forme (m\u00eame quand il fait froid !)","author":"Val\u00e9rie Zanon","date":"17 f\u00e9vrier 2026","format":false,"excerpt":"Ton levain fait la t\u00eate ? D\u00e9couvre 5 astuces simples et efficaces pour booster ton levain maison, m\u00eame en hiver. Temp\u00e9rature, farine, rythme des rafra\u00eechis\u2026 Je t\u2019explique tout pour retrouver un levain actif et plein de bulles !","rel":"","context":"Article similaire","block_context":{"text":"Article similaire","link":""},"img":{"alt_text":"levain naturel tr\u00e8s actif","src":"https:\/\/i0.wp.com\/www.vilainlevain.com\/wp-content\/uploads\/2025\/11\/comment-booster-son-levain-scaled.jpg?fit=675%2C1200&ssl=1&resize=350%2C200","width":350,"height":200,"srcset":"https:\/\/i0.wp.com\/www.vilainlevain.com\/wp-content\/uploads\/2025\/11\/comment-booster-son-levain-scaled.jpg?fit=675%2C1200&ssl=1&resize=350%2C200 1x, https:\/\/i0.wp.com\/www.vilainlevain.com\/wp-content\/uploads\/2025\/11\/comment-booster-son-levain-scaled.jpg?fit=675%2C1200&ssl=1&resize=525%2C300 1.5x"},"classes":[]},{"id":9881,"url":"https:\/\/www.vilainlevain.com\/index.php\/pain-au-levain-et-grosses-chaleurs-5-reflexes-pour-garder-le-controle\/","url_meta":{"origin":2876,"position":2},"title":"Pain au levain et grosses chaleurs : 5 r\u00e9flexes pour garder le contr\u00f4le !","author":"Val\u00e9rie Zanon","date":"2 juillet 2025","format":false,"excerpt":"[vc_row][vc_column offset=\"vc_col-lg-offset-1 vc_col-lg-4\/5\"][vc_empty_space height=\"30\"][vc_custom_heading text=\"Et en bonus : ma recette de pain \u00e0 la farine de meule et deux s\u00e9sames !\" css=\"\"][vc_column_text css=\"\"]Quand l\u2019\u00e9t\u00e9 s\u2019installe pour de bon et que les temp\u00e9ratures grimpent, notre levain r\u00e9agit au quart de tour. Fermentations express, p\u00e2tes trop molles, timing \u00e0 revoir\u2026 Pas toujours\u2026","rel":"","context":"Article similaire","block_context":{"text":"Article similaire","link":""},"img":{"alt_text":"","src":"https:\/\/i0.wp.com\/www.vilainlevain.com\/wp-content\/uploads\/2025\/07\/levain-et-canicule.jpg?fit=625%2C938&ssl=1&resize=350%2C200","width":350,"height":200,"srcset":"https:\/\/i0.wp.com\/www.vilainlevain.com\/wp-content\/uploads\/2025\/07\/levain-et-canicule.jpg?fit=625%2C938&ssl=1&resize=350%2C200 1x, https:\/\/i0.wp.com\/www.vilainlevain.com\/wp-content\/uploads\/2025\/07\/levain-et-canicule.jpg?fit=625%2C938&ssl=1&resize=525%2C300 1.5x"},"classes":[]},{"id":3131,"url":"https:\/\/www.vilainlevain.com\/index.php\/mentions-legales\/","url_meta":{"origin":2876,"position":3},"title":"Mentions l\u00e9gales","author":"Val\u00e9rie Zanon","date":"1 d\u00e9cembre 2021","format":false,"excerpt":"[vc_row][vc_column][vc_column_text css=\"\"] Mentions l\u00e9gales \u00c9diteur du site :Vilain Levain\u00ae \u2013 marque d\u00e9pos\u00e9e \u00e0 l\u2019INPIPropri\u00e9taire : Val\u00e9rie Zanon, entrepreneur individuelAdresse : 9 impasse de l\u2019Ouest, 78200 Mantes-la-Jolie, FranceSIRET : 911 467 728 00018Email : contact@vilainlevain.comSite : https:\/\/www.vilainlevain.com H\u00e9bergement :OVH \u2013 2 rue Kellermann \u2013 59100 Roubaix \u2013 France 1. Pr\u00e9sentation du\u2026","rel":"","context":"Article similaire","block_context":{"text":"Article similaire","link":""},"img":{"alt_text":"","src":"","width":0,"height":0},"classes":[]},{"id":433,"url":"https:\/\/www.vilainlevain.com\/index.php\/faqs\/","url_meta":{"origin":2876,"position":4},"title":"FAQs","author":"Val\u00e9rie Zanon","date":"10 janvier 2017","format":false,"excerpt":"[vc_row type=\"boxed\" background_style=\"normal\" css=\".vc_custom_1487365316112{margin-top: 75px !important;padding-right: 50px !important;padding-left: 50px !important;}\"][vc_column][vc_column_text css=\".vc_custom_1571304061283{margin-bottom: 50px !important;}\"] Shopping Information [\/vc_column_text][vc_row_inner css=\".vc_custom_1410358939666{margin-bottom: 20px !important;}\"][vc_column_inner width=\"1\/2\" css=\".vc_custom_1443415906747{padding-right: 5% !important;padding-left: 10px !important;}\"][vc_column_text] What Shipping Methods Are Available? Ex Portland Pitchfork irure mustache. Neutra fap before they sold out literally Williamsburg. Aliquip ugh bicycle rights actually mlkshk, seitan\u2026","rel":"","context":"Article similaire","block_context":{"text":"Article similaire","link":""},"img":{"alt_text":"","src":"","width":0,"height":0},"classes":[]},{"id":3154,"url":"https:\/\/www.vilainlevain.com\/index.php\/cgv\/","url_meta":{"origin":2876,"position":5},"title":"Conditions G\u00e9n\u00e9rales de Vente et d&rsquo;Utilisation (CGVU)","author":"Val\u00e9rie Zanon","date":"3 d\u00e9cembre 2021","format":false,"excerpt":"Derni\u00e8re mise \u00e0 jour : 11 septembre 2025 Les pr\u00e9sentes Conditions G\u00e9n\u00e9rales de Vente et d\u2019Utilisation (ci-apr\u00e8s \u00ab CGVU \u00bb), soumises au droit fran\u00e7ais, r\u00e9gissent l'utilisation du site internet https:\/\/vilainlevain.com (ci-apr\u00e8s le \u00ab Site \u00bb), propri\u00e9t\u00e9 de Val\u00e9rie Zanon (ci-apr\u00e8s la \u00ab Soci\u00e9t\u00e9 \u00bb). Toute navigation sur le Site, utilisation\u2026","rel":"","context":"Article similaire","block_context":{"text":"Article similaire","link":""},"img":{"alt_text":"","src":"","width":0,"height":0},"classes":[]}],"_links":{"self":[{"href":"https:\/\/www.vilainlevain.com\/index.php\/wp-json\/wp\/v2\/pages\/2876","targetHints":{"allow":["GET"]}}],"collection":[{"href":"https:\/\/www.vilainlevain.com\/index.php\/wp-json\/wp\/v2\/pages"}],"about":[{"href":"https:\/\/www.vilainlevain.com\/index.php\/wp-json\/wp\/v2\/types\/page"}],"author":[{"embeddable":true,"href":"https:\/\/www.vilainlevain.com\/index.php\/wp-json\/wp\/v2\/users\/1"}],"replies":[{"embeddable":true,"href":"https:\/\/www.vilainlevain.com\/index.php\/wp-json\/wp\/v2\/comments?post=2876"}],"version-history":[{"count":1,"href":"https:\/\/www.vilainlevain.com\/index.php\/wp-json\/wp\/v2\/pages\/2876\/revisions"}],"predecessor-version":[{"id":3008,"href":"https:\/\/www.vilainlevain.com\/index.php\/wp-json\/wp\/v2\/pages\/2876\/revisions\/3008"}],"wp:attachment":[{"href":"https:\/\/www.vilainlevain.com\/index.php\/wp-json\/wp\/v2\/media?parent=2876"}],"curies":[{"name":"wp","href":"https:\/\/api.w.org\/{rel}","templated":true}]}}